{"id":21,"date":"2020-12-28T14:25:53","date_gmt":"2020-12-28T13:25:53","guid":{"rendered":"http:\/\/giocean.fr\/?page_id=21"},"modified":"2020-12-28T16:11:44","modified_gmt":"2020-12-28T15:11:44","slug":"blog","status":"publish","type":"page","link":"https:\/\/giocean.fr\/index.php\/blog\/","title":{"rendered":"Logistique"},"content":{"rendered":"\n<ul><li><strong>&nbsp;<\/strong>Plateforme<\/li><\/ul>\n\n\n\n<p>Le Groupe GI Ocean, pour mieux vous servir dispose d\u2019une logistique moderne et sophistiqu\u00e9e ce qui explique sa position en tant que leader sur le march\u00e9 des produits de la mer surgel\u00e9s \u00e0 travers l\u2019Am\u00e9rique du nord, les Etats-Unis et l\u2019Europe.<\/p>\n\n\n\n<p>Le groupe poss\u00e8de des complexes frigorifiques de grande envergure sur le continent europ\u00e9en et am\u00e9ricain pour garantir \u00e0 ses clients un stockage massif et une rupture quasi inexistante de ses produits.<\/p>\n\n\n\n<p>La premi\u00e8re plateforme du groupe est apparue au Canada \u00e0 Montr\u00e9al, il s\u2019agit de Gi Ocean International qui s\u2019est implant\u00e9 depuis 1990 sur le march\u00e9 Nord Am\u00e9ricain. On le nomme le \u00ab\u00a0grand\u00a0\u00bb, en effet \u00e0 elle seule repr\u00e9sente plus de 60\u00a0000m3 de stockage en froid n\u00e9gatif et une organisation logistique pouvant r\u00e9ceptionner jusqu\u2019\u00e0 5 containers en m\u00eame temps. La gestion de cette plateforme est presque totalement automatis\u00e9e qui garantit au groupe et \u00e0 ses clients une satisfaction premi\u00e8re tant au d\u00e9lai d\u2019acheminement de nos marchandises qu\u2019\u00e0 leur livraison.<\/p>\n\n\n\n<p>Aussi, elle utilise une nouvelle g\u00e9n\u00e9ration d\u2019entreposage que l\u2019on appelle le \u00ab\u00a0push-back\u00a0\u00bb racking compos\u00e9 d\u2019\u00e9l\u00e9ments modernes pouvant stocker sur un m\u00eame emplacement plusieurs palettes, offrant ainsi la possibilit\u00e9 de tripl\u00e9 la capacit\u00e9 de stockage de nos entrep\u00f4ts.<\/p>\n\n\n\n<p>Parall\u00e8lement Gi Ocean International, gr\u00e2ce au tonnage tr\u00e8s \u00e9lev\u00e9 d\u2019importation a d\u00e9velopp\u00e9 au sein du groupe un service transitaire pour toutes les importations \u00e0 destination du continent Nord Am\u00e9ricain.<\/p>\n\n\n\n<p>Conjointement le groupe Gi Ocean est aujourd\u2019hui install\u00e9 en Europe sur un site de plus de 6000 m2, offrant un stockage de plus 10\u00a0000m3 et poss\u00e8de \u00e9galement le syst\u00e8me \u00ab\u00a0push-back\u00a0\u00bb racking pouvant accueillir jusqu\u2019\u00e0 3500 palettes \u00e0 \u2013 23\u00b0C.<\/p>\n\n\n\n<p>Notre modernit\u00e9 voulue procure une r\u00e9activit\u00e9 des plus exemplaires pour la gestion de notre stock au sein de la communaut\u00e9 europ\u00e9enne.<\/p>\n\n\n\n<ul><li><strong>La livraison<\/strong><\/li><\/ul>\n\n\n\n<p>Aussi fier de son service livraison, GI Ocean vous garantit des produits toujours \u00e0 temp\u00e9rature de conservation gr\u00e2ce \u00e0 un cahier des charges scrupuleusement respect\u00e9.<\/p>\n\n\n\n<p>Notre parc automobile l\u00e9ger et lourd est quotidiennement contr\u00f4l\u00e9 pour vous assurer que le respect de la cha\u00eene du froid fait partie de nos priorit\u00e9s.<\/p>\n\n\n\n<p>En France Gi Ocean Europe s\u2019efforce chaque jour \u00e0 mettre un point d\u2019honneur sur la rapidit\u00e9 des livraisons, en effet une commande pass\u00e9e en fin de journ\u00e9e (avant 18h) sera assur\u00e9e d\u2019\u00eatre livr\u00e9e le lendemain.<\/p>\n\n\n\n<p>Enfin pour mieux faire face \u00e0 toutes vos exigences, nous avons mis \u00e0 votre service un r\u00e9pondeur qui fonctionne 24h\/24, 7j\/7.<\/p>\n","protected":false},"excerpt":{"rendered":"<p>&nbsp;Plateforme Le Groupe GI Ocean, pour mieux vous servir dispose d\u2019une logistique moderne et sophistiqu\u00e9e ce qui explique sa position en tant que leader sur le march\u00e9 des produits de la mer surgel\u00e9s \u00e0 travers l\u2019Am\u00e9rique du nord, les Etats-Unis et l\u2019Europe. Le groupe poss\u00e8de des complexes frigorifiques de grande envergure sur le continent europ\u00e9en &hellip; <\/p>\n<p class=\"link-more\"><a href=\"https:\/\/giocean.fr\/index.php\/blog\/\" class=\"more-link\">Continue reading<span class=\"screen-reader-text\"> &#8220;Logistique&#8221;<\/span><\/a><\/p>\n","protected":false},"author":1,"featured_media":0,"parent":0,"menu_order":0,"comment_status":"closed","ping_status":"closed","template":"","meta":[],"_links":{"self":[{"href":"https:\/\/giocean.fr\/index.php\/wp-json\/wp\/v2\/pages\/21"}],"collection":[{"href":"https:\/\/giocean.fr\/index.php\/wp-json\/wp\/v2\/pages"}],"about":[{"href":"https:\/\/giocean.fr\/index.php\/wp-json\/wp\/v2\/types\/page"}],"author":[{"embeddable":true,"href":"https:\/\/giocean.fr\/index.php\/wp-json\/wp\/v2\/users\/1"}],"replies":[{"embeddable":true,"href":"https:\/\/giocean.fr\/index.php\/wp-json\/wp\/v2\/comments?post=21"}],"version-history":[{"count":4,"href":"https:\/\/giocean.fr\/index.php\/wp-json\/wp\/v2\/pages\/21\/revisions"}],"predecessor-version":[{"id":77,"href":"https:\/\/giocean.fr\/index.php\/wp-json\/wp\/v2\/pages\/21\/revisions\/77"}],"wp:attachment":[{"href":"https:\/\/giocean.fr\/index.php\/wp-json\/wp\/v2\/media?parent=21"}],"curies":[{"name":"wp","href":"https:\/\/api.w.org\/{rel}","templated":true}]}}