{"id":19,"date":"2020-12-28T14:25:53","date_gmt":"2020-12-28T13:25:53","guid":{"rendered":"http:\/\/giocean.fr\/?page_id=19"},"modified":"2020-12-28T14:47:34","modified_gmt":"2020-12-28T13:47:34","slug":"a-propos-de","status":"publish","type":"page","link":"https:\/\/giocean.fr\/index.php\/a-propos-de\/","title":{"rendered":"\u00c0 propos de"},"content":{"rendered":"\n<p>En collaboration avec de grands professionnels de la restauration, de la distribution mais \u00e9galement de la pr\u00e9paration alimentaire, nous nous effor\u00e7ons jour apr\u00e8s jour de leur offrir une qualit\u00e9 et une confiance constante en nos produits et services.<\/p>\n\n\n\n<p>Plus qu\u2019une simple entreprise, GI Ocean Europe r\u00e9pond aux attentes les plus diverses en \u00e9tant une oreille attentive pour nos clients et en apportant une r\u00e9ponse personnalis\u00e9e pour chacun d\u2019entre eux.<\/p>\n\n\n\n<p>Notre engagement est de vous garantir les meilleurs prix et une qualit\u00e9 de produit irr\u00e9prochable.<\/p>\n\n\n\n<p>GI Ocean Europe a toujours combin\u00e9 plusieurs ingr\u00e9dients qui en font aujourd\u2019hui leur r\u00e9ussite et leur succ\u00e8s aupr\u00e8s de ses clients depuis plusieurs ann\u00e9es.<\/p>\n","protected":false},"excerpt":{"rendered":"<p>En collaboration avec de grands professionnels de la restauration, de la distribution mais \u00e9galement de la pr\u00e9paration alimentaire, nous nous effor\u00e7ons jour apr\u00e8s jour de leur offrir une qualit\u00e9 et une confiance constante en nos produits et services. Plus qu\u2019une simple entreprise, GI Ocean Europe r\u00e9pond aux attentes les plus diverses en \u00e9tant une oreille &hellip; <\/p>\n<p class=\"link-more\"><a href=\"https:\/\/giocean.fr\/index.php\/a-propos-de\/\" class=\"more-link\">Continue reading<span class=\"screen-reader-text\"> &#8220;\u00c0 propos de&#8221;<\/span><\/a><\/p>\n","protected":false},"author":1,"featured_media":0,"parent":0,"menu_order":0,"comment_status":"closed","ping_status":"closed","template":"","meta":[],"_links":{"self":[{"href":"https:\/\/giocean.fr\/index.php\/wp-json\/wp\/v2\/pages\/19"}],"collection":[{"href":"https:\/\/giocean.fr\/index.php\/wp-json\/wp\/v2\/pages"}],"about":[{"href":"https:\/\/giocean.fr\/index.php\/wp-json\/wp\/v2\/types\/page"}],"author":[{"embeddable":true,"href":"https:\/\/giocean.fr\/index.php\/wp-json\/wp\/v2\/users\/1"}],"replies":[{"embeddable":true,"href":"https:\/\/giocean.fr\/index.php\/wp-json\/wp\/v2\/comments?post=19"}],"version-history":[{"count":3,"href":"https:\/\/giocean.fr\/index.php\/wp-json\/wp\/v2\/pages\/19\/revisions"}],"predecessor-version":[{"id":64,"href":"https:\/\/giocean.fr\/index.php\/wp-json\/wp\/v2\/pages\/19\/revisions\/64"}],"wp:attachment":[{"href":"https:\/\/giocean.fr\/index.php\/wp-json\/wp\/v2\/media?parent=19"}],"curies":[{"name":"wp","href":"https:\/\/api.w.org\/{rel}","templated":true}]}}